{"id":637,"date":"2022-10-03T15:28:56","date_gmt":"2022-10-03T13:28:56","guid":{"rendered":"https:\/\/www.sweetlodges.fr\/?page_id=637"},"modified":"2022-10-03T15:30:10","modified_gmt":"2022-10-03T13:30:10","slug":"legal-notice","status":"publish","type":"page","link":"https:\/\/www.sweetlodges.fr\/index.php\/en\/legal-notice\/","title":{"rendered":"Legal notice"},"content":{"rendered":"\n[et_pb_section fb_built=\u00a0\u00bb1&Prime; _builder_version=\u00a0\u00bb4.16&Prime; _module_preset=\u00a0\u00bbdefault\u00a0\u00bb global_colors_info=\u00a0\u00bb{}\u00a0\u00bb theme_builder_area=\u00a0\u00bbpost_content\u00a0\u00bb][et_pb_row _builder_version=\u00a0\u00bb4.16&Prime; _module_preset=\u00a0\u00bbdefault\u00a0\u00bb global_colors_info=\u00a0\u00bb{}\u00a0\u00bb theme_builder_area=\u00a0\u00bbpost_content\u00a0\u00bb][et_pb_column type=\u00a0\u00bb4_4&Prime; _builder_version=\u00a0\u00bb4.16&Prime; _module_preset=\u00a0\u00bbdefault\u00a0\u00bb global_colors_info=\u00a0\u00bb{}\u00a0\u00bb theme_builder_area=\u00a0\u00bbpost_content\u00a0\u00bb][et_pb_text _builder_version=\u00a0\u00bb4.18.0&Prime; _module_preset=\u00a0\u00bbdefault\u00a0\u00bb hover_enabled=\u00a0\u00bb0&Prime; global_colors_info=\u00a0\u00bb{}\u00a0\u00bb theme_builder_area=\u00a0\u00bbpost_content\u00a0\u00bb sticky_enabled=\u00a0\u00bb0&Prime;]<h1 class=\"tw-data-text tw-text-large tw-ta\" data-placeholder=\"Traduction\" id=\"tw-target-text\" dir=\"ltr\" style=\"text-align: center;\"><strong><span class=\"Y2IQFc\" lang=\"en\">Legal Notice<\/span><\/strong><\/h1>\n<p style=\"text-align: center;\"><strong><\/strong><\/p>\n<p style=\"text-align: center;\"><strong>Directeur de la publication: Sophie Chahinian<\/strong><\/p>\n<p style=\"text-align: center;\"><strong>Contact:<\/strong><\/p>\n<p style=\"text-align: center;\"><strong>email:<\/strong><\/p>\n<p style=\"text-align: center;\"><strong>H\u00e9bergeur OVH Roubaix<\/strong><\/p>[\/et_pb_text][\/et_pb_column][\/et_pb_row][\/et_pb_section]\n","protected":false},"excerpt":{"rendered":"<p>Legal Notice Directeur de la publication: Sophie Chahinian Contact: email: H\u00e9bergeur OVH Roubaix<\/p>\n","protected":false},"author":2,"featured_media":0,"parent":0,"menu_order":0,"comment_status":"closed","ping_status":"closed","template":"","meta":{"_et_pb_use_builder":"on","_et_pb_old_content":"","_et_gb_content_width":"","footnotes":""},"class_list":["post-637","page","type-page","status-publish","hentry"],"yoast_head":"<!-- This site is optimized with the Yoast SEO plugin v27.4 - https:\/\/yoast.com\/product\/yoast-seo-wordpress\/ -->\n<title>Legal notice - Sweet Lodges Aix<\/title>\n<meta name=\"description\" content=\"Luxueuse maison d&#039;architecte en bois location saisonni\u00e8re \u00e0 aix en provence Chambres d&#039;h\u00f4tes Organisation d&#039;\u00e9v\u00e9nements s\u00e9minaires\" \/>\n<meta name=\"robots\" content=\"index, follow, max-snippet:-1, max-image-preview:large, max-video-preview:-1\" \/>\n<link rel=\"canonical\" href=\"https:\/\/www.sweetlodges.fr\/index.php\/en\/legal-notice\/\" \/>\n<meta property=\"og:locale\" content=\"fr_FR\" \/>\n<meta property=\"og:type\" content=\"article\" \/>\n<meta property=\"og:title\" content=\"Legal notice - Sweet Lodges Aix\" \/>\n<meta property=\"og:description\" content=\"Luxueuse maison d&#039;architecte en bois location saisonni\u00e8re \u00e0 aix en provence Chambres d&#039;h\u00f4tes Organisation d&#039;\u00e9v\u00e9nements s\u00e9minaires\" \/>\n<meta property=\"og:url\" content=\"https:\/\/www.sweetlodges.fr\/index.php\/en\/legal-notice\/\" \/>\n<meta property=\"og:site_name\" content=\"Sweet Lodges Aix\" \/>\n<meta property=\"article:publisher\" content=\"https:\/\/www.facebook.com\/profile.php?id=100069029317720\" \/>\n<meta property=\"article:modified_time\" content=\"2022-10-03T13:30:10+00:00\" \/>\n<meta name=\"twitter:card\" content=\"summary_large_image\" \/>\n<meta name=\"twitter:label1\" content=\"Dur\u00e9e de lecture estim\u00e9e\" \/>\n\t<meta name=\"twitter:data1\" content=\"1 minute\" \/>\n<script type=\"application\/ld+json\" class=\"yoast-schema-graph\">{\"@context\":\"https:\\\/\\\/schema.org\",\"@graph\":[{\"@type\":\"WebPage\",\"@id\":\"https:\\\/\\\/www.sweetlodges.fr\\\/index.php\\\/en\\\/legal-notice\\\/\",\"url\":\"https:\\\/\\\/www.sweetlodges.fr\\\/index.php\\\/en\\\/legal-notice\\\/\",\"name\":\"Legal notice - Sweet Lodges Aix\",\"isPartOf\":{\"@id\":\"https:\\\/\\\/www.sweetlodges.fr\\\/#website\"},\"datePublished\":\"2022-10-03T13:28:56+00:00\",\"dateModified\":\"2022-10-03T13:30:10+00:00\",\"description\":\"Luxueuse maison d'architecte en bois location saisonni\u00e8re \u00e0 aix en provence Chambres d'h\u00f4tes Organisation d'\u00e9v\u00e9nements s\u00e9minaires\",\"breadcrumb\":{\"@id\":\"https:\\\/\\\/www.sweetlodges.fr\\\/index.php\\\/en\\\/legal-notice\\\/#breadcrumb\"},\"inLanguage\":\"fr-FR\",\"potentialAction\":[{\"@type\":\"ReadAction\",\"target\":[\"https:\\\/\\\/www.sweetlodges.fr\\\/index.php\\\/en\\\/legal-notice\\\/\"]}]},{\"@type\":\"BreadcrumbList\",\"@id\":\"https:\\\/\\\/www.sweetlodges.fr\\\/index.php\\\/en\\\/legal-notice\\\/#breadcrumb\",\"itemListElement\":[{\"@type\":\"ListItem\",\"position\":1,\"name\":\"Accueil\",\"item\":\"https:\\\/\\\/www.sweetlodges.fr\\\/\"},{\"@type\":\"ListItem\",\"position\":2,\"name\":\"Legal notice\"}]},{\"@type\":\"WebSite\",\"@id\":\"https:\\\/\\\/www.sweetlodges.fr\\\/#website\",\"url\":\"https:\\\/\\\/www.sweetlodges.fr\\\/\",\"name\":\"Sweet Lodges Aix\",\"description\":\"Louez &amp; Relaxez-vous\",\"publisher\":{\"@id\":\"https:\\\/\\\/www.sweetlodges.fr\\\/#organization\"},\"potentialAction\":[{\"@type\":\"SearchAction\",\"target\":{\"@type\":\"EntryPoint\",\"urlTemplate\":\"https:\\\/\\\/www.sweetlodges.fr\\\/?s={search_term_string}\"},\"query-input\":{\"@type\":\"PropertyValueSpecification\",\"valueRequired\":true,\"valueName\":\"search_term_string\"}}],\"inLanguage\":\"fr-FR\"},{\"@type\":\"Organization\",\"@id\":\"https:\\\/\\\/www.sweetlodges.fr\\\/#organization\",\"name\":\"Sweet Lodges Aix\",\"url\":\"https:\\\/\\\/www.sweetlodges.fr\\\/\",\"logo\":{\"@type\":\"ImageObject\",\"inLanguage\":\"fr-FR\",\"@id\":\"https:\\\/\\\/www.sweetlodges.fr\\\/#\\\/schema\\\/logo\\\/image\\\/\",\"url\":\"https:\\\/\\\/www.sweetlodges.fr\\\/wp-content\\\/uploads\\\/2022\\\/09\\\/SweetLodges.png\",\"contentUrl\":\"https:\\\/\\\/www.sweetlodges.fr\\\/wp-content\\\/uploads\\\/2022\\\/09\\\/SweetLodges.png\",\"width\":500,\"height\":500,\"caption\":\"Sweet Lodges Aix\"},\"image\":{\"@id\":\"https:\\\/\\\/www.sweetlodges.fr\\\/#\\\/schema\\\/logo\\\/image\\\/\"},\"sameAs\":[\"https:\\\/\\\/www.facebook.com\\\/profile.php?id=100069029317720\"]}]}<\/script>\n<!-- \/ Yoast SEO plugin. -->","yoast_head_json":{"title":"Legal notice - Sweet Lodges Aix","description":"Luxueuse maison d'architecte en bois location saisonni\u00e8re \u00e0 aix en provence Chambres d'h\u00f4tes Organisation d'\u00e9v\u00e9nements s\u00e9minaires","robots":{"index":"index","follow":"follow","max-snippet":"max-snippet:-1","max-image-preview":"max-image-preview:large","max-video-preview":"max-video-preview:-1"},"canonical":"https:\/\/www.sweetlodges.fr\/index.php\/en\/legal-notice\/","og_locale":"fr_FR","og_type":"article","og_title":"Legal notice - Sweet Lodges Aix","og_description":"Luxueuse maison d'architecte en bois location saisonni\u00e8re \u00e0 aix en provence Chambres d'h\u00f4tes Organisation d'\u00e9v\u00e9nements s\u00e9minaires","og_url":"https:\/\/www.sweetlodges.fr\/index.php\/en\/legal-notice\/","og_site_name":"Sweet Lodges Aix","article_publisher":"https:\/\/www.facebook.com\/profile.php?id=100069029317720","article_modified_time":"2022-10-03T13:30:10+00:00","twitter_card":"summary_large_image","twitter_misc":{"Dur\u00e9e de lecture estim\u00e9e":"1 minute"},"schema":{"@context":"https:\/\/schema.org","@graph":[{"@type":"WebPage","@id":"https:\/\/www.sweetlodges.fr\/index.php\/en\/legal-notice\/","url":"https:\/\/www.sweetlodges.fr\/index.php\/en\/legal-notice\/","name":"Legal notice - Sweet Lodges Aix","isPartOf":{"@id":"https:\/\/www.sweetlodges.fr\/#website"},"datePublished":"2022-10-03T13:28:56+00:00","dateModified":"2022-10-03T13:30:10+00:00","description":"Luxueuse maison d'architecte en bois location saisonni\u00e8re \u00e0 aix en provence Chambres d'h\u00f4tes Organisation d'\u00e9v\u00e9nements s\u00e9minaires","breadcrumb":{"@id":"https:\/\/www.sweetlodges.fr\/index.php\/en\/legal-notice\/#breadcrumb"},"inLanguage":"fr-FR","potentialAction":[{"@type":"ReadAction","target":["https:\/\/www.sweetlodges.fr\/index.php\/en\/legal-notice\/"]}]},{"@type":"BreadcrumbList","@id":"https:\/\/www.sweetlodges.fr\/index.php\/en\/legal-notice\/#breadcrumb","itemListElement":[{"@type":"ListItem","position":1,"name":"Accueil","item":"https:\/\/www.sweetlodges.fr\/"},{"@type":"ListItem","position":2,"name":"Legal notice"}]},{"@type":"WebSite","@id":"https:\/\/www.sweetlodges.fr\/#website","url":"https:\/\/www.sweetlodges.fr\/","name":"Sweet Lodges Aix","description":"Louez &amp; Relaxez-vous","publisher":{"@id":"https:\/\/www.sweetlodges.fr\/#organization"},"potentialAction":[{"@type":"SearchAction","target":{"@type":"EntryPoint","urlTemplate":"https:\/\/www.sweetlodges.fr\/?s={search_term_string}"},"query-input":{"@type":"PropertyValueSpecification","valueRequired":true,"valueName":"search_term_string"}}],"inLanguage":"fr-FR"},{"@type":"Organization","@id":"https:\/\/www.sweetlodges.fr\/#organization","name":"Sweet Lodges Aix","url":"https:\/\/www.sweetlodges.fr\/","logo":{"@type":"ImageObject","inLanguage":"fr-FR","@id":"https:\/\/www.sweetlodges.fr\/#\/schema\/logo\/image\/","url":"https:\/\/www.sweetlodges.fr\/wp-content\/uploads\/2022\/09\/SweetLodges.png","contentUrl":"https:\/\/www.sweetlodges.fr\/wp-content\/uploads\/2022\/09\/SweetLodges.png","width":500,"height":500,"caption":"Sweet Lodges Aix"},"image":{"@id":"https:\/\/www.sweetlodges.fr\/#\/schema\/logo\/image\/"},"sameAs":["https:\/\/www.facebook.com\/profile.php?id=100069029317720"]}]}},"_links":{"self":[{"href":"https:\/\/www.sweetlodges.fr\/index.php\/wp-json\/wp\/v2\/pages\/637","targetHints":{"allow":["GET"]}}],"collection":[{"href":"https:\/\/www.sweetlodges.fr\/index.php\/wp-json\/wp\/v2\/pages"}],"about":[{"href":"https:\/\/www.sweetlodges.fr\/index.php\/wp-json\/wp\/v2\/types\/page"}],"author":[{"embeddable":true,"href":"https:\/\/www.sweetlodges.fr\/index.php\/wp-json\/wp\/v2\/users\/2"}],"replies":[{"embeddable":true,"href":"https:\/\/www.sweetlodges.fr\/index.php\/wp-json\/wp\/v2\/comments?post=637"}],"version-history":[{"count":3,"href":"https:\/\/www.sweetlodges.fr\/index.php\/wp-json\/wp\/v2\/pages\/637\/revisions"}],"predecessor-version":[{"id":640,"href":"https:\/\/www.sweetlodges.fr\/index.php\/wp-json\/wp\/v2\/pages\/637\/revisions\/640"}],"wp:attachment":[{"href":"https:\/\/www.sweetlodges.fr\/index.php\/wp-json\/wp\/v2\/media?parent=637"}],"curies":[{"name":"wp","href":"https:\/\/api.w.org\/{rel}","templated":true}]}}